{"id":12,"date":"2024-07-01T13:46:34","date_gmt":"2024-07-01T11:46:34","guid":{"rendered":"https:\/\/lesangneufdesmaisonnettes.ovh\/?page_id=12"},"modified":"2024-07-02T10:25:07","modified_gmt":"2024-07-02T08:25:07","slug":"accueil","status":"publish","type":"page","link":"https:\/\/lesangneufdesmaisonnettes.ovh\/","title":{"rendered":"Une pension &#8230;"},"content":{"rendered":"\n<p>&#8230; o\u00f9 les pensionnaires vivent la vie du pensionneur, o\u00f9 les pensionnaires vivent en collectivit\u00e9 avec leurs cong\u00e9n\u00e8res, o\u00f9 les pensionnaires sont emmen\u00e9s partout (mer, montagne, campagne, foret, manifestations canines, &#8230;), o\u00f9 la pension est un lieu de vacances canines plus qu&rsquo;un lieu d&rsquo;h\u00e9bergement.<\/p>\n","protected":false},"excerpt":{"rendered":"<p>&#8230; o\u00f9 les pensionnaires vivent la vie du pensionneur, o\u00f9 les pensionnaires vivent en collectivit\u00e9 avec leurs cong\u00e9n\u00e8res, o\u00f9 les pensionnaires sont emmen\u00e9s partout (mer, montagne, campagne, foret, manifestations canines, &#8230;), o\u00f9 la pension est un lieu de vacances canines plus qu&rsquo;un lieu d&rsquo;h\u00e9bergement.<\/p>\n","protected":false},"author":1,"featured_media":20,"parent":0,"menu_order":0,"comment_status":"closed","ping_status":"closed","template":"","meta":{"footnotes":""},"class_list":["post-12","page","type-page","status-publish","has-post-thumbnail","hentry"],"jetpack_sharing_enabled":true,"_links":{"self":[{"href":"https:\/\/lesangneufdesmaisonnettes.ovh\/index.php\/wp-json\/wp\/v2\/pages\/12","targetHints":{"allow":["GET"]}}],"collection":[{"href":"https:\/\/lesangneufdesmaisonnettes.ovh\/index.php\/wp-json\/wp\/v2\/pages"}],"about":[{"href":"https:\/\/lesangneufdesmaisonnettes.ovh\/index.php\/wp-json\/wp\/v2\/types\/page"}],"author":[{"embeddable":true,"href":"https:\/\/lesangneufdesmaisonnettes.ovh\/index.php\/wp-json\/wp\/v2\/users\/1"}],"replies":[{"embeddable":true,"href":"https:\/\/lesangneufdesmaisonnettes.ovh\/index.php\/wp-json\/wp\/v2\/comments?post=12"}],"version-history":[{"count":2,"href":"https:\/\/lesangneufdesmaisonnettes.ovh\/index.php\/wp-json\/wp\/v2\/pages\/12\/revisions"}],"predecessor-version":[{"id":53,"href":"https:\/\/lesangneufdesmaisonnettes.ovh\/index.php\/wp-json\/wp\/v2\/pages\/12\/revisions\/53"}],"wp:featuredmedia":[{"embeddable":true,"href":"https:\/\/lesangneufdesmaisonnettes.ovh\/index.php\/wp-json\/wp\/v2\/media\/20"}],"wp:attachment":[{"href":"https:\/\/lesangneufdesmaisonnettes.ovh\/index.php\/wp-json\/wp\/v2\/media?parent=12"}],"curies":[{"name":"wp","href":"https:\/\/api.w.org\/{rel}","templated":true}]}}