{"id":13,"date":"2024-07-01T13:46:34","date_gmt":"2024-07-01T11:46:34","guid":{"rendered":"https:\/\/lesangneufdesmaisonnettes.ovh\/?page_id=13"},"modified":"2024-07-02T10:52:44","modified_gmt":"2024-07-02T08:52:44","slug":"a-propos-de","status":"publish","type":"page","link":"https:\/\/lesangneufdesmaisonnettes.ovh\/index.php\/a-propos-de\/","title":{"rendered":"\u00c0 propos de David"},"content":{"rendered":"\n<p>N\u00e9 avec un chien dans le berceau, toujours entour\u00e9 d&rsquo;animaux.<br>Travailleur social investit b\u00e9n\u00e9volement de longue date en tant que Moniteur d&rsquo;Education Canine en club, devenu Educateur et Pensionneur Canin professionnel.<br>Investit b\u00e9n\u00e9volement aupr\u00e8s de la F\u00e9d\u00e9ration Fran\u00e7aise des Sports et Loisirs Canins (FFSLC), en tant que comp\u00e9titeur, juge de course, formateur de juges, membre de commissions depuis 2014.<br>Agilitiste en pause, curieux du pistage et de toutes autres activit\u00e9s canines impliquant autant le chien que le maitre.<\/p>\n","protected":false},"excerpt":{"rendered":"<p>N\u00e9 avec un chien dans le berceau, toujours entour\u00e9 d&rsquo;animaux.Travailleur social investit b\u00e9n\u00e9volement de longue date en tant que Moniteur d&rsquo;Education Canine en club, devenu Educateur et Pensionneur Canin professionnel.Investit b\u00e9n\u00e9volement aupr\u00e8s de la F\u00e9d\u00e9ration Fran\u00e7aise des Sports et Loisirs Canins (FFSLC), en tant que comp\u00e9titeur, juge de course, formateur de juges, membre de commissions &hellip; <\/p>\n<p class=\"link-more\"><a href=\"https:\/\/lesangneufdesmaisonnettes.ovh\/index.php\/a-propos-de\/\" class=\"more-link\">Continuer la lecture<span class=\"screen-reader-text\"> de &laquo;&nbsp;\u00c0 propos de David&nbsp;&raquo;<\/span><\/a><\/p>\n","protected":false},"author":1,"featured_media":21,"parent":0,"menu_order":0,"comment_status":"closed","ping_status":"closed","template":"","meta":{"footnotes":""},"class_list":["post-13","page","type-page","status-publish","has-post-thumbnail","hentry"],"jetpack_sharing_enabled":true,"_links":{"self":[{"href":"https:\/\/lesangneufdesmaisonnettes.ovh\/index.php\/wp-json\/wp\/v2\/pages\/13","targetHints":{"allow":["GET"]}}],"collection":[{"href":"https:\/\/lesangneufdesmaisonnettes.ovh\/index.php\/wp-json\/wp\/v2\/pages"}],"about":[{"href":"https:\/\/lesangneufdesmaisonnettes.ovh\/index.php\/wp-json\/wp\/v2\/types\/page"}],"author":[{"embeddable":true,"href":"https:\/\/lesangneufdesmaisonnettes.ovh\/index.php\/wp-json\/wp\/v2\/users\/1"}],"replies":[{"embeddable":true,"href":"https:\/\/lesangneufdesmaisonnettes.ovh\/index.php\/wp-json\/wp\/v2\/comments?post=13"}],"version-history":[{"count":6,"href":"https:\/\/lesangneufdesmaisonnettes.ovh\/index.php\/wp-json\/wp\/v2\/pages\/13\/revisions"}],"predecessor-version":[{"id":58,"href":"https:\/\/lesangneufdesmaisonnettes.ovh\/index.php\/wp-json\/wp\/v2\/pages\/13\/revisions\/58"}],"wp:featuredmedia":[{"embeddable":true,"href":"https:\/\/lesangneufdesmaisonnettes.ovh\/index.php\/wp-json\/wp\/v2\/media\/21"}],"wp:attachment":[{"href":"https:\/\/lesangneufdesmaisonnettes.ovh\/index.php\/wp-json\/wp\/v2\/media?parent=13"}],"curies":[{"name":"wp","href":"https:\/\/api.w.org\/{rel}","templated":true}]}}