{"id":14,"date":"2024-07-01T13:46:34","date_gmt":"2024-07-01T11:46:34","guid":{"rendered":"https:\/\/lesangneufdesmaisonnettes.ovh\/?page_id=14"},"modified":"2024-07-02T11:07:05","modified_gmt":"2024-07-02T09:07:05","slug":"contact","status":"publish","type":"page","link":"https:\/\/lesangneufdesmaisonnettes.ovh\/index.php\/contact\/","title":{"rendered":"TARIFS"},"content":{"rendered":"\n<p>Nuit\u00e9e pension : 30\u20ac<br>Semaine pension : 180\u20ac<br>(50% sur le second chien du m\u00eame foyer sur m\u00eame p\u00e9riode)<br>Journ\u00e9e d&rsquo;acclimatation en pension : 15\u20ac<br>Demie journ\u00e9e d&rsquo;acclimatation en pension : 10\u20ac<\/p>\n\n\n\n<p>S\u00e9ance \u00e9ducation : 45\u20ac<br>D\u00e9placement \u00e0 domicile : 0,60\u20ac\/km au del\u00e0 de 10km autour de la pension<\/p>\n\n\n\n<p>S\u00e9ance initiation agility ou sport de traction mono-chien : 35\u20ac<br>S\u00e9ance collective d&rsquo;agility : 20\u20ac (max 5 bin\u00f4mes)<\/p>\n\n\n\n<p>Location parcours agility : devis sur demande<\/p>\n","protected":false},"excerpt":{"rendered":"<p>Nuit\u00e9e pension : 30\u20acSemaine pension : 180\u20ac(50% sur le second chien du m\u00eame foyer sur m\u00eame p\u00e9riode)Journ\u00e9e d&rsquo;acclimatation en pension : 15\u20acDemie journ\u00e9e d&rsquo;acclimatation en pension : 10\u20ac S\u00e9ance \u00e9ducation : 45\u20acD\u00e9placement \u00e0 domicile : 0,60\u20ac\/km au del\u00e0 de 10km autour de la pension S\u00e9ance initiation agility ou sport de traction mono-chien : 35\u20acS\u00e9ance collective &hellip; <\/p>\n<p class=\"link-more\"><a href=\"https:\/\/lesangneufdesmaisonnettes.ovh\/index.php\/contact\/\" class=\"more-link\">Continuer la lecture<span class=\"screen-reader-text\"> de &laquo;&nbsp;TARIFS&nbsp;&raquo;<\/span><\/a><\/p>\n","protected":false},"author":1,"featured_media":40,"parent":0,"menu_order":0,"comment_status":"closed","ping_status":"closed","template":"","meta":{"footnotes":""},"class_list":["post-14","page","type-page","status-publish","has-post-thumbnail","hentry"],"jetpack_sharing_enabled":true,"_links":{"self":[{"href":"https:\/\/lesangneufdesmaisonnettes.ovh\/index.php\/wp-json\/wp\/v2\/pages\/14","targetHints":{"allow":["GET"]}}],"collection":[{"href":"https:\/\/lesangneufdesmaisonnettes.ovh\/index.php\/wp-json\/wp\/v2\/pages"}],"about":[{"href":"https:\/\/lesangneufdesmaisonnettes.ovh\/index.php\/wp-json\/wp\/v2\/types\/page"}],"author":[{"embeddable":true,"href":"https:\/\/lesangneufdesmaisonnettes.ovh\/index.php\/wp-json\/wp\/v2\/users\/1"}],"replies":[{"embeddable":true,"href":"https:\/\/lesangneufdesmaisonnettes.ovh\/index.php\/wp-json\/wp\/v2\/comments?post=14"}],"version-history":[{"count":4,"href":"https:\/\/lesangneufdesmaisonnettes.ovh\/index.php\/wp-json\/wp\/v2\/pages\/14\/revisions"}],"predecessor-version":[{"id":61,"href":"https:\/\/lesangneufdesmaisonnettes.ovh\/index.php\/wp-json\/wp\/v2\/pages\/14\/revisions\/61"}],"wp:featuredmedia":[{"embeddable":true,"href":"https:\/\/lesangneufdesmaisonnettes.ovh\/index.php\/wp-json\/wp\/v2\/media\/40"}],"wp:attachment":[{"href":"https:\/\/lesangneufdesmaisonnettes.ovh\/index.php\/wp-json\/wp\/v2\/media?parent=14"}],"curies":[{"name":"wp","href":"https:\/\/api.w.org\/{rel}","templated":true}]}}