{"id":77,"date":"2024-07-02T11:44:35","date_gmt":"2024-07-02T09:44:35","guid":{"rendered":"https:\/\/lesangneufdesmaisonnettes.ovh\/?page_id=77"},"modified":"2024-07-02T11:44:35","modified_gmt":"2024-07-02T09:44:35","slug":"revendeur-inlandsis","status":"publish","type":"page","link":"https:\/\/lesangneufdesmaisonnettes.ovh\/index.php\/revendeur-inlandsis\/","title":{"rendered":"Revendeur INLANDSIS"},"content":{"rendered":"\n<p class=\"has-text-align-left\">Besoin de conseils et\/ou de mat\u00e9riel pour pratiquer les sports de traction mono chien ?<br>Prenez contact, il y a forcement chez INLANDSIS le mat\u00e9riel adapt\u00e9 \u00e0 votre pratique, votre chien et vous m\u00eame que le Sang Neuf des Maisonnettes pourra vous vendre.<\/p>\n\n\n<div class=\"wp-block-image\">\n<figure class=\"aligncenter size-full\"><a href=\"https:\/\/www.inlandsis.fr\/fr\/\"><img loading=\"lazy\" decoding=\"async\" width=\"502\" height=\"301\" src=\"https:\/\/lesangneufdesmaisonnettes.ovh\/wp-content\/uploads\/2024\/07\/Logo_officiel_web_RVB-1.jpg\" alt=\"\" class=\"wp-image-78\" srcset=\"https:\/\/lesangneufdesmaisonnettes.ovh\/wp-content\/uploads\/2024\/07\/Logo_officiel_web_RVB-1.jpg 502w, https:\/\/lesangneufdesmaisonnettes.ovh\/wp-content\/uploads\/2024\/07\/Logo_officiel_web_RVB-1-300x180.jpg 300w\" sizes=\"auto, (max-width: 502px) 100vw, 502px\" \/><\/a><\/figure>\n<\/div>","protected":false},"excerpt":{"rendered":"<p>Besoin de conseils et\/ou de mat\u00e9riel pour pratiquer les sports de traction mono chien ?Prenez contact, il y a forcement chez INLANDSIS le mat\u00e9riel adapt\u00e9 \u00e0 votre pratique, votre chien et vous m\u00eame que le Sang Neuf des Maisonnettes pourra vous vendre.<\/p>\n","protected":false},"author":1,"featured_media":0,"parent":0,"menu_order":0,"comment_status":"closed","ping_status":"closed","template":"","meta":{"footnotes":""},"class_list":["post-77","page","type-page","status-publish","hentry"],"jetpack_sharing_enabled":true,"_links":{"self":[{"href":"https:\/\/lesangneufdesmaisonnettes.ovh\/index.php\/wp-json\/wp\/v2\/pages\/77","targetHints":{"allow":["GET"]}}],"collection":[{"href":"https:\/\/lesangneufdesmaisonnettes.ovh\/index.php\/wp-json\/wp\/v2\/pages"}],"about":[{"href":"https:\/\/lesangneufdesmaisonnettes.ovh\/index.php\/wp-json\/wp\/v2\/types\/page"}],"author":[{"embeddable":true,"href":"https:\/\/lesangneufdesmaisonnettes.ovh\/index.php\/wp-json\/wp\/v2\/users\/1"}],"replies":[{"embeddable":true,"href":"https:\/\/lesangneufdesmaisonnettes.ovh\/index.php\/wp-json\/wp\/v2\/comments?post=77"}],"version-history":[{"count":1,"href":"https:\/\/lesangneufdesmaisonnettes.ovh\/index.php\/wp-json\/wp\/v2\/pages\/77\/revisions"}],"predecessor-version":[{"id":79,"href":"https:\/\/lesangneufdesmaisonnettes.ovh\/index.php\/wp-json\/wp\/v2\/pages\/77\/revisions\/79"}],"wp:attachment":[{"href":"https:\/\/lesangneufdesmaisonnettes.ovh\/index.php\/wp-json\/wp\/v2\/media?parent=77"}],"curies":[{"name":"wp","href":"https:\/\/api.w.org\/{rel}","templated":true}]}}